{"id":6486,"date":"2013-11-01T14:10:56","date_gmt":"2013-11-01T12:10:56","guid":{"rendered":"http:\/\/www.photoso.de\/?page_id=6486"},"modified":"2017-01-23T16:38:38","modified_gmt":"2017-01-23T15:38:38","slug":"ueber","status":"publish","type":"page","link":"https:\/\/photoso.de\/?page_id=6486","title":{"rendered":"\u00fcber mich"},"content":{"rendered":"<p>&nbsp;<\/p>\n<p><img loading=\"lazy\" decoding=\"async\" class=\"alignleft wp-image-7305 size-medium\" src=\"https:\/\/photoso.de\/wp-content\/uploads\/2016\/01\/DarkNight-9-200x300.jpg\" alt=\"DarkNight-9\" width=\"200\" height=\"300\" srcset=\"https:\/\/photoso.de\/wp-content\/uploads\/2016\/01\/DarkNight-9-200x300.jpg 200w, https:\/\/photoso.de\/wp-content\/uploads\/2016\/01\/DarkNight-9-470x705.jpg 470w, https:\/\/photoso.de\/wp-content\/uploads\/2016\/01\/DarkNight-9-450x675.jpg 450w, https:\/\/photoso.de\/wp-content\/uploads\/2016\/01\/DarkNight-9.jpg 667w\" sizes=\"auto, (max-width: 200px) 100vw, 200px\" \/><\/p>\n<p>Mein Name ist Matthias Beckmann und ich wohne in der sch\u00f6nen Pfalz. Schon fr\u00fch hat mich das Fotografieren in den Bann gezogen. Aus anf\u00e4nglichem Knipsen wurde intensive Leidenschaft, Momente einzufangen.<\/p>\n<p>Angefangen habe ich mit verschiedenen Kleinbild Kameras und Bridge Kameras. Vor ein paar Jahren habe ich mir eine Spiegelreflexkamera\u00a0zugelegt mit der ich jetzt noch bessere M\u00f6glichkeiten habe. Ich habe versucht mich durch B\u00fccher und immer wiederholtes ausprobieren und\u00a0experimentieren weiterzuentwickeln. Mir macht es viel Freude auf den verschiedensten Reisen und Ausfl\u00fcgen die ich mit meiner Frau unternehme meine Motive zu finden. \u00a0Ich versuche durch meine Bilder den Moment den ich erlebe oder sehe, einzufangen und wiederzugeben.<\/p>\n<p>Die Landschaftsfotografie z.B. ist wie eine gro\u00dfe Reise, sie \u00f6ffnet das Herz und die Augen f\u00fcr die Sch\u00f6nheit unserer abwechslungsreichen Welt. Wirklich gute Landschaftsfotos ber\u00fchren die Sinne, fesseln den Betrachter und f\u00fchren ihn an den Ort, den sie zeigen &#8211; eine Bildreise, die begeistert.\u00a0Ob nur das kleinste unscheinbare Detail des Gesamten oder das beeindruckende Panoramabild einer Landschaft, es fasziniert den Betrachter!<\/p>\n<p>Oft bin ich auch in <a title=\"St\u00e4dte\" href=\"https:\/\/photoso.de\/?portfolio=staedte\">St\u00e4dten<\/a> unterwegs um die Architekt die mich fasziniert und beeindruckt aufzunehmen und wiederzugeben.<\/p>\n<p>Ebenso bearbeite ich meine Bilder auch gerne und nutze die M\u00f6glichkeiten von Photoshop und Lightroom um meinen eigenen Stil zu finden. So auch in der Serie <a title=\"Dark Night\" href=\"https:\/\/photoso.de\/?portfolio=dark-night\"><strong>Dark Night<\/strong><\/a> wo ich versucht habe durch Inspiration von der Fotografin Irene Kung meine Handschrift zu hinterlassen.<\/p>\n<p><strong>&#8230; <a href=\"https:\/\/photoso.de\/?portfolio=dark-night\">Fotos sagen mehr aus als Worte<\/a>.<\/strong><\/p>\n<p>&nbsp;<\/p>\n<p>&nbsp;<\/p>\n","protected":false},"excerpt":{"rendered":"<p>&nbsp; Mein Name ist Matthias Beckmann und ich wohne in der sch\u00f6nen Pfalz. Schon fr\u00fch hat mich das Fotografieren in den Bann gezogen. Aus anf\u00e4nglichem Knipsen wurde intensive Leidenschaft, Momente einzufangen. Angefangen habe ich mit verschiedenen Kleinbild Kameras und Bridge Kameras. Vor ein paar Jahren habe ich mir eine Spiegelreflexkamera\u00a0zugelegt mit der ich jetzt noch [&hellip;]<\/p>\n","protected":false},"author":2,"featured_media":0,"parent":0,"menu_order":0,"comment_status":"open","ping_status":"open","template":"","meta":{"_mi_skip_tracking":false,"footnotes":""},"class_list":["post-6486","page","type-page","status-publish","hentry"],"_links":{"self":[{"href":"https:\/\/photoso.de\/index.php?rest_route=\/wp\/v2\/pages\/6486","targetHints":{"allow":["GET"]}}],"collection":[{"href":"https:\/\/photoso.de\/index.php?rest_route=\/wp\/v2\/pages"}],"about":[{"href":"https:\/\/photoso.de\/index.php?rest_route=\/wp\/v2\/types\/page"}],"author":[{"embeddable":true,"href":"https:\/\/photoso.de\/index.php?rest_route=\/wp\/v2\/users\/2"}],"replies":[{"embeddable":true,"href":"https:\/\/photoso.de\/index.php?rest_route=%2Fwp%2Fv2%2Fcomments&post=6486"}],"version-history":[{"count":7,"href":"https:\/\/photoso.de\/index.php?rest_route=\/wp\/v2\/pages\/6486\/revisions"}],"predecessor-version":[{"id":8539,"href":"https:\/\/photoso.de\/index.php?rest_route=\/wp\/v2\/pages\/6486\/revisions\/8539"}],"wp:attachment":[{"href":"https:\/\/photoso.de\/index.php?rest_route=%2Fwp%2Fv2%2Fmedia&parent=6486"}],"curies":[{"name":"wp","href":"https:\/\/api.w.org\/{rel}","templated":true}]}}