{"id":158,"date":"2012-01-02T11:03:26","date_gmt":"2012-01-02T11:03:26","guid":{"rendered":"http:\/\/www.portfolio.photoso.de\/?page_id=158"},"modified":"2021-05-18T15:35:06","modified_gmt":"2021-05-18T13:35:06","slug":"impressum","status":"publish","type":"page","link":"https:\/\/photoso.de\/?page_id=158","title":{"rendered":"IMPRESSUM"},"content":{"rendered":"<div>\n<div>\n<p><strong>Verantwortlich f\u00fcr den Inhalt<\/strong><br \/>\nMatthias Beckmann@Photoso<\/p>\n<p>Matthias Beckmann<br \/>\nNeustadter Strasse 61A<br \/>\n67454 Ha\u00dfloch<\/p>\n<p><strong>Copyright<\/strong><br \/>\nOhne die Genehmigung des Urhebers d\u00fcrfen keine der gezeigten Bilder kopiert oder weiterverwendet werden.<\/p>\n<p><strong>Haftungshinweis<\/strong><br \/>\nTrotz sorgf\u00e4ltiger inhaltlicher Kontrolle \u00fcbernehmen wir keine Haftung f\u00fcr die Inhalte externer Links.<br \/>\nF\u00fcr den Inhalt der verlinkten Seiten sind ausschlie\u00dflich deren Betreiber verantwortlich.<\/p>\n<p><strong>Inhalte des Onlineangebots<\/strong><br \/>\nDer Autor \u00fcbernimmt keinerlei Gew\u00e4hr f\u00fcr die Aktualit\u00e4t, Korrektheit, Vollst\u00e4ndigkeit oder Qualit\u00e4t der bereitgestellten Informationen. Haftungsanspr\u00fcche gegen den Autor, welche sich auf Sch\u00e4den materieller oder ideeller Art beziehen, die durch die Nutzung oder Nichtnutzung der dargebotenen Informationen bzw. durch die Nutzung fehlerhafter und unvollst\u00e4ndiger Informationen verursacht wurden, sind grunds\u00e4tzlich ausgeschlossen, sofern seitens des Autors kein nachweislich vors\u00e4tzliches oder grob fahrl\u00e4ssiges Verschulden vorliegt.<br \/>\nAlle Angebote sind freibleibend und unverbindlich. Der Autor beh\u00e4lt es sich ausdr\u00fccklich vor, Teile der Seiten oder das gesamte Angebot ohne gesonderte Ank\u00fcndigung zu ver\u00e4ndern, zu erg\u00e4nzen, zu l\u00f6schen oder die Ver\u00f6ffentlichung zeitweise oder endg\u00fcltig einzustellen.<\/p>\n<\/div>\n<\/div>\n","protected":false},"excerpt":{"rendered":"<p>Verantwortlich f\u00fcr den Inhalt Matthias Beckmann@Photoso Matthias Beckmann Neustadter Strasse 61A 67454 Ha\u00dfloch Copyright Ohne die Genehmigung des Urhebers d\u00fcrfen keine der gezeigten Bilder kopiert oder weiterverwendet werden. Haftungshinweis Trotz sorgf\u00e4ltiger inhaltlicher Kontrolle \u00fcbernehmen wir keine Haftung f\u00fcr die Inhalte externer Links. F\u00fcr den Inhalt der verlinkten Seiten sind ausschlie\u00dflich deren Betreiber verantwortlich. Inhalte des [&hellip;]<\/p>\n","protected":false},"author":2,"featured_media":0,"parent":0,"menu_order":0,"comment_status":"open","ping_status":"open","template":"","meta":{"_mi_skip_tracking":false,"footnotes":""},"class_list":["post-158","page","type-page","status-publish","hentry"],"_links":{"self":[{"href":"https:\/\/photoso.de\/index.php?rest_route=\/wp\/v2\/pages\/158","targetHints":{"allow":["GET"]}}],"collection":[{"href":"https:\/\/photoso.de\/index.php?rest_route=\/wp\/v2\/pages"}],"about":[{"href":"https:\/\/photoso.de\/index.php?rest_route=\/wp\/v2\/types\/page"}],"author":[{"embeddable":true,"href":"https:\/\/photoso.de\/index.php?rest_route=\/wp\/v2\/users\/2"}],"replies":[{"embeddable":true,"href":"https:\/\/photoso.de\/index.php?rest_route=%2Fwp%2Fv2%2Fcomments&post=158"}],"version-history":[{"count":2,"href":"https:\/\/photoso.de\/index.php?rest_route=\/wp\/v2\/pages\/158\/revisions"}],"predecessor-version":[{"id":8711,"href":"https:\/\/photoso.de\/index.php?rest_route=\/wp\/v2\/pages\/158\/revisions\/8711"}],"wp:attachment":[{"href":"https:\/\/photoso.de\/index.php?rest_route=%2Fwp%2Fv2%2Fmedia&parent=158"}],"curies":[{"name":"wp","href":"https:\/\/api.w.org\/{rel}","templated":true}]}}